{"id":6458,"date":"2017-11-22T09:45:35","date_gmt":"2017-11-22T08:45:35","guid":{"rendered":"http:\/\/hembygd.junselebyar.se\/spelman\/?page_id=6458"},"modified":"2017-11-22T09:50:07","modified_gmt":"2017-11-22T08:50:07","slug":"om-spelmanssidan","status":"publish","type":"page","link":"https:\/\/hembygd.junselebyar.se\/spelman\/?page_id=6458","title":{"rendered":"Om spelmanssidan"},"content":{"rendered":"<p>H\u00e4r kommer vi succesivt att presentera spelm\u00e4n fr\u00e4mst fr\u00e5n Junseletrakten men \u00e4ven fr\u00e5n \u00c5dals-Liden.<br \/>\nGenom Tord Johansson i \u00d6smo och \u00e4ven f.d. l\u00e4raren \u00c5ke Bj\u00f6rkqvist fr\u00e5n Junsele finns en stor m\u00e4ngd uppteckningar av l\u00e5tar fr\u00e5n trakten.<\/p>\n","protected":false},"excerpt":{"rendered":"<p>H\u00e4r kommer vi succesivt att presentera spelm\u00e4n fr\u00e4mst fr\u00e5n Junseletrakten men \u00e4ven fr\u00e5n \u00c5dals-Liden. Genom Tord Johansson i \u00d6smo och \u00e4ven f.d. l\u00e4raren \u00c5ke Bj\u00f6rkqvist fr\u00e5n Junsele finns en stor m\u00e4ngd uppteckningar av l\u00e5tar fr\u00e5n trakten.<\/p>\n","protected":false},"author":3,"featured_media":0,"parent":0,"menu_order":0,"comment_status":"open","ping_status":"closed","template":"","meta":{"footnotes":""},"class_list":["post-6458","page","type-page","status-publish","hentry"],"_links":{"self":[{"href":"https:\/\/hembygd.junselebyar.se\/spelman\/index.php?rest_route=\/wp\/v2\/pages\/6458","targetHints":{"allow":["GET"]}}],"collection":[{"href":"https:\/\/hembygd.junselebyar.se\/spelman\/index.php?rest_route=\/wp\/v2\/pages"}],"about":[{"href":"https:\/\/hembygd.junselebyar.se\/spelman\/index.php?rest_route=\/wp\/v2\/types\/page"}],"author":[{"embeddable":true,"href":"https:\/\/hembygd.junselebyar.se\/spelman\/index.php?rest_route=\/wp\/v2\/users\/3"}],"replies":[{"embeddable":true,"href":"https:\/\/hembygd.junselebyar.se\/spelman\/index.php?rest_route=%2Fwp%2Fv2%2Fcomments&post=6458"}],"version-history":[{"count":4,"href":"https:\/\/hembygd.junselebyar.se\/spelman\/index.php?rest_route=\/wp\/v2\/pages\/6458\/revisions"}],"predecessor-version":[{"id":8276,"href":"https:\/\/hembygd.junselebyar.se\/spelman\/index.php?rest_route=\/wp\/v2\/pages\/6458\/revisions\/8276"}],"wp:attachment":[{"href":"https:\/\/hembygd.junselebyar.se\/spelman\/index.php?rest_route=%2Fwp%2Fv2%2Fmedia&parent=6458"}],"curies":[{"name":"wp","href":"https:\/\/api.w.org\/{rel}","templated":true}]}}