{"id":2551,"date":"2011-04-30T13:02:14","date_gmt":"2011-04-30T11:02:14","guid":{"rendered":"http:\/\/hembygd.junselebyar.se\/spelman\/?page_id=2551"},"modified":"2012-01-28T16:33:58","modified_gmt":"2012-01-28T15:33:58","slug":"kontakt","status":"publish","type":"page","link":"https:\/\/hembygd.junselebyar.se\/spelman\/?page_id=2551","title":{"rendered":"Kontakt"},"content":{"rendered":"<p>Om du vill kontakta\u00a0oss p\u00e5 annat s\u00e4tt \u00e4n genom bloggen s\u00e5 \u00e4r v\u00e5ra e-postadresser\u00a0:<\/p>\n<p><img loading=\"lazy\" decoding=\"async\" class=\"alignleft size-full wp-image-3185\" title=\"Goran_mini\" src=\"http:\/\/hembygd.junselebyar.se\/spelman\/wp-content\/uploads\/2011\/04\/Goran_mini.jpg\" alt=\"\" width=\"69\" height=\"89\" \/>G\u00f6ran Stenmark: <a href=\"mailto:stenmark61@hotmail.com\">stenmark61@hotmail.com<\/a><\/p>\n<p>&nbsp;<\/p>\n<p>&nbsp;<\/p>\n<p><img loading=\"lazy\" decoding=\"async\" class=\"alignleft size-full wp-image-3186\" title=\"Lena_mini\" src=\"http:\/\/hembygd.junselebyar.se\/spelman\/wp-content\/uploads\/2011\/04\/Lena_mini.jpg\" alt=\"\" width=\"69\" height=\"89\" \/>Lena Eriksson: <a href=\"mailto:mlm.eriksson@telia.com\">mlm.eriksson@telia.com<\/a><\/p>\n<p>&nbsp;<\/p>\n<p>&nbsp;<\/p>\n","protected":false},"excerpt":{"rendered":"<p>Om du vill kontakta\u00a0oss p\u00e5 annat s\u00e4tt \u00e4n genom bloggen s\u00e5 \u00e4r v\u00e5ra e-postadresser\u00a0: G\u00f6ran Stenmark: stenmark61@hotmail.com &nbsp; &nbsp; Lena Eriksson: mlm.eriksson@telia.com &nbsp; &nbsp;<\/p>\n","protected":false},"author":3,"featured_media":0,"parent":0,"menu_order":0,"comment_status":"closed","ping_status":"closed","template":"","meta":{"footnotes":""},"class_list":["post-2551","page","type-page","status-publish","hentry"],"_links":{"self":[{"href":"https:\/\/hembygd.junselebyar.se\/spelman\/index.php?rest_route=\/wp\/v2\/pages\/2551","targetHints":{"allow":["GET"]}}],"collection":[{"href":"https:\/\/hembygd.junselebyar.se\/spelman\/index.php?rest_route=\/wp\/v2\/pages"}],"about":[{"href":"https:\/\/hembygd.junselebyar.se\/spelman\/index.php?rest_route=\/wp\/v2\/types\/page"}],"author":[{"embeddable":true,"href":"https:\/\/hembygd.junselebyar.se\/spelman\/index.php?rest_route=\/wp\/v2\/users\/3"}],"replies":[{"embeddable":true,"href":"https:\/\/hembygd.junselebyar.se\/spelman\/index.php?rest_route=%2Fwp%2Fv2%2Fcomments&post=2551"}],"version-history":[{"count":7,"href":"https:\/\/hembygd.junselebyar.se\/spelman\/index.php?rest_route=\/wp\/v2\/pages\/2551\/revisions"}],"predecessor-version":[{"id":2556,"href":"https:\/\/hembygd.junselebyar.se\/spelman\/index.php?rest_route=\/wp\/v2\/pages\/2551\/revisions\/2556"}],"wp:attachment":[{"href":"https:\/\/hembygd.junselebyar.se\/spelman\/index.php?rest_route=%2Fwp%2Fv2%2Fmedia&parent=2551"}],"curies":[{"name":"wp","href":"https:\/\/api.w.org\/{rel}","templated":true}]}}