{"id":521,"date":"2011-10-01T21:43:35","date_gmt":"2011-10-01T19:43:35","guid":{"rendered":"http:\/\/hembygd.junselebyar.se\/?page_id=521"},"modified":"2023-06-15T19:30:12","modified_gmt":"2023-06-15T17:30:12","slug":"kontakt","status":"publish","type":"page","link":"https:\/\/hembygd.junselebyar.se\/?page_id=521","title":{"rendered":"Kontakt"},"content":{"rendered":"<p><strong>Styrelsen 2022-2023;<\/strong><\/p>\n<p>Ordf\u00f6rande: Inger Eriksson &#8211; 0703432444<br \/>\nVice ordf\u00f6rande: G\u00f6ran Stenmark &#8211; 0761082377<br \/>\nSekreterare: Anna Granholm &#8211; 0702103271<br \/>\nKass\u00f6r: Mari S\u00f6derman &#8211; 0706212010<br \/>\nKarl-Emil Sj\u00f6quist &#8211; 0768101580<br \/>\nAgneta Sj\u00f6quist &#8211; 0730910383<br \/>\nElvy Berglund &#8211; 0706430047<br \/>\nGustaf-Emil Nilsson &#8211; 0702905603<\/p>\n<p>Junsele hembygdsf\u00f6renings Bankgiro: <strong>5234-2136<\/strong><\/p>\n<p>Bokningar och uthyrning\u00a0 &#8211; 0702103271 \/ 0703432444<\/p>\n","protected":false},"excerpt":{"rendered":"<p>Styrelsen 2022-2023; Ordf\u00f6rande: Inger Eriksson &#8211; 0703432444 Vice ordf\u00f6rande: G\u00f6ran Stenmark &#8211; 0761082377 Sekreterare: Anna Granholm &#8211; 0702103271 Kass\u00f6r: Mari S\u00f6derman &#8211; 0706212010 Karl-Emil Sj\u00f6quist &#8211; 0768101580 Agneta Sj\u00f6quist &#8211; 0730910383 Elvy Berglund &#8211; 0706430047 Gustaf-Emil Nilsson &#8211; 0702905603 Junsele hembygdsf\u00f6renings Bankgiro: 5234-2136 Bokningar och uthyrning\u00a0 &#8211; 0702103271 \/ 0703432444<\/p>\n","protected":false},"author":2,"featured_media":0,"parent":0,"menu_order":60,"comment_status":"open","ping_status":"open","template":"","meta":{"footnotes":""},"class_list":["post-521","page","type-page","status-publish","hentry"],"_links":{"self":[{"href":"https:\/\/hembygd.junselebyar.se\/index.php?rest_route=\/wp\/v2\/pages\/521","targetHints":{"allow":["GET"]}}],"collection":[{"href":"https:\/\/hembygd.junselebyar.se\/index.php?rest_route=\/wp\/v2\/pages"}],"about":[{"href":"https:\/\/hembygd.junselebyar.se\/index.php?rest_route=\/wp\/v2\/types\/page"}],"author":[{"embeddable":true,"href":"https:\/\/hembygd.junselebyar.se\/index.php?rest_route=\/wp\/v2\/users\/2"}],"replies":[{"embeddable":true,"href":"https:\/\/hembygd.junselebyar.se\/index.php?rest_route=%2Fwp%2Fv2%2Fcomments&post=521"}],"version-history":[{"count":14,"href":"https:\/\/hembygd.junselebyar.se\/index.php?rest_route=\/wp\/v2\/pages\/521\/revisions"}],"predecessor-version":[{"id":1085,"href":"https:\/\/hembygd.junselebyar.se\/index.php?rest_route=\/wp\/v2\/pages\/521\/revisions\/1085"}],"wp:attachment":[{"href":"https:\/\/hembygd.junselebyar.se\/index.php?rest_route=%2Fwp%2Fv2%2Fmedia&parent=521"}],"curies":[{"name":"wp","href":"https:\/\/api.w.org\/{rel}","templated":true}]}}